{"id":63,"date":"2020-10-25T13:40:14","date_gmt":"2020-10-25T13:40:14","guid":{"rendered":"http:\/\/arcba.org.ar\/ARCBA\/?page_id=63"},"modified":"2023-08-18T12:45:25","modified_gmt":"2023-08-18T15:45:25","slug":"comision-directiva","status":"publish","type":"page","link":"https:\/\/arcba.org.ar\/ARCBA\/comision-directiva\/","title":{"rendered":"Comisi\u00f3n Directiva"},"content":{"rendered":"\t\t<div data-elementor-type=\"wp-page\" data-elementor-id=\"63\" class=\"elementor elementor-63\">\n\t\t\t\t\t\t<section class=\"elementor-section elementor-top-section elementor-element elementor-element-3402b5dd elementor-section-content-middle elementor-section-boxed elementor-section-height-default elementor-section-height-default\" data-id=\"3402b5dd\" data-element_type=\"section\" data-e-type=\"section\" data-settings=\"{&quot;animation&quot;:&quot;none&quot;}\">\n\t\t\t\t\t\t<div class=\"elementor-container elementor-column-gap-no\">\n\t\t\t\t\t<div class=\"elementor-column elementor-col-100 elementor-top-column elementor-element elementor-element-4b49e296\" data-id=\"4b49e296\" data-element_type=\"column\" data-e-type=\"column\">\n\t\t\t<div class=\"elementor-widget-wrap elementor-element-populated\">\n\t\t\t\t\t\t<div class=\"elementor-element elementor-element-7891dd86 elementor-invisible elementor-widget elementor-widget-heading\" data-id=\"7891dd86\" data-element_type=\"widget\" data-e-type=\"widget\" data-settings=\"{&quot;_animation&quot;:&quot;fadeInLeft&quot;}\" data-widget_type=\"heading.default\">\n\t\t\t\t<div class=\"elementor-widget-container\">\n\t\t\t\t\t<h4 class=\"elementor-heading-title elementor-size-default\">Comisi\u00f3n Directiva ARCBA 2023 - 2025<\/h4>\t\t\t\t<\/div>\n\t\t\t\t<\/div>\n\t\t\t\t<div class=\"elementor-element elementor-element-3bd048bb elementor-invisible elementor-widget elementor-widget-text-editor\" data-id=\"3bd048bb\" data-element_type=\"widget\" data-e-type=\"widget\" data-settings=\"{&quot;_animation&quot;:&quot;fadeInRight&quot;}\" data-widget_type=\"text-editor.default\">\n\t\t\t\t<div class=\"elementor-widget-container\">\n\t\t\t\t\t\t\t\t\t<h4><b>Presidente: <\/b>Dr. Dami\u00e1n Duartes No\u00e9\u00a0<\/h4><h4><b>Vicepresidente<\/b>: Dra. Cecilia Asnal\u00a0<\/h4><h4><b>Secretaria:<\/b> Dra. Graciela G\u00f3mez\u00a0<\/h4><h4><b>Tesorera:<\/b> Dra. Silvia Papasidero\u00a0<\/h4><h4><b>Presidente Inmediato Anterior<\/b>: Dr. Gustavo Casado\u00a0<\/h4><h4><b>VOCALES TITULARES\u00a0<\/b><\/h4><h4>Dra. Etel Saturansky\u00a0<\/h4><h4>Dra. Fabiana Montoya\u00a0<\/h4><h4>Dra. Anastasia Secco\u00a0<\/h4><h4>Dra. Mar\u00eda Laura Acosta Felquer\u00a0<\/h4><h4>Dra. Mar\u00eda de los Angeles Correa\u00a0<\/h4><h4>Dra. Andrea G\u00f3mez\u00a0<\/h4><h4><b>VOCALES SUPLENTES\u00a0<\/b><\/h4><h4>Dr. Maximiliano Fenucci\u00a0<\/h4><h4>Dr. Dar\u00edo Scublinsky\u00a0<\/h4><h4>Dra. Gimena Gomez\u00a0<\/h4><h4><b>ORGANO FISCALIZACION TITULARES\u00a0<\/b><\/h4><h4>Dra. Malena Viola\u00a0<\/h4><h4>Dra. Sabrina Porta\u00a0<\/h4><h4><b>ORGANO DE FISCALIZACION SUPLENTES\u00a0<\/b><\/h4><h4>Dra. Marcela Alvarez\u00a0<\/h4><h4>Dra. Mar\u00eda Martha Katsicas<\/h4><h4>\u00a0<\/h4>\t\t\t\t\t\t\t\t<\/div>\n\t\t\t\t<\/div>\n\t\t\t\t<section class=\"elementor-section elementor-inner-section elementor-element elementor-element-56b9f8cf elementor-section-content-middle elementor-section-boxed elementor-section-height-default elementor-section-height-default elementor-invisible\" data-id=\"56b9f8cf\" data-element_type=\"section\" data-e-type=\"section\" data-settings=\"{&quot;animation&quot;:&quot;fadeInLeft&quot;}\">\n\t\t\t\t\t\t<div class=\"elementor-container elementor-column-gap-no\">\n\t\t\t\t\t<div class=\"elementor-column elementor-col-100 elementor-inner-column elementor-element elementor-element-3f355823\" data-id=\"3f355823\" data-element_type=\"column\" data-e-type=\"column\">\n\t\t\t<div class=\"elementor-widget-wrap elementor-element-populated\">\n\t\t\t\t\t\t<div class=\"elementor-element elementor-element-3c810f4f elementor-align-center elementor-widget elementor-widget-button\" data-id=\"3c810f4f\" data-element_type=\"widget\" data-e-type=\"widget\" data-widget_type=\"button.default\">\n\t\t\t\t<div class=\"elementor-widget-container\">\n\t\t\t\t\t\t\t\t\t<div class=\"elementor-button-wrapper\">\n\t\t\t\t\t<a class=\"elementor-button elementor-button-link elementor-size-sm elementor-animation-grow\" href=\"https:\/\/arcba.org.ar\/ARCBA\/\">\n\t\t\t\t\t\t<span class=\"elementor-button-content-wrapper\">\n\t\t\t\t\t\t<span class=\"elementor-button-icon\">\n\t\t\t\t<i aria-hidden=\"true\" class=\"far fa-arrow-alt-circle-left\"><\/i>\t\t\t<\/span>\n\t\t\t\t\t\t\t\t\t<span class=\"elementor-button-text\">Regresar<\/span>\n\t\t\t\t\t<\/span>\n\t\t\t\t\t<\/a>\n\t\t\t\t<\/div>\n\t\t\t\t\t\t\t\t<\/div>\n\t\t\t\t<\/div>\n\t\t\t\t\t<\/div>\n\t\t<\/div>\n\t\t\t\t\t<\/div>\n\t\t<\/section>\n\t\t\t\t\t<\/div>\n\t\t<\/div>\n\t\t\t\t\t<\/div>\n\t\t<\/section>\n\t\t\t\t<\/div>\n\t\t","protected":false},"excerpt":{"rendered":"<p>Comisi\u00f3n Directiva ARCBA 2023 &#8211; 2025 Presidente: Dr. Dami\u00e1n Duartes No\u00e9\u00a0 Vicepresidente: Dra. Cecilia Asnal\u00a0 Secretaria: Dra. Graciela G\u00f3mez\u00a0 Tesorera: Dra. Silvia Papasidero\u00a0 Presidente Inmediato Anterior: Dr. Gustavo Casado\u00a0 VOCALES TITULARES\u00a0 Dra. Etel Saturansky\u00a0 Dra. Fabiana Montoya\u00a0 Dra. Anastasia Secco\u00a0 Dra. Mar\u00eda Laura Acosta Felquer\u00a0 Dra. Mar\u00eda de los Angeles Correa\u00a0 Dra. Andrea G\u00f3mez\u00a0 VOCALES [&hellip;]<\/p>\n","protected":false},"author":1,"featured_media":0,"parent":0,"menu_order":0,"comment_status":"closed","ping_status":"closed","template":"","meta":{"site-sidebar-layout":"no-sidebar","site-content-layout":"page-builder","ast-site-content-layout":"default","site-content-style":"default","site-sidebar-style":"default","ast-global-header-display":"","ast-banner-title-visibility":"","ast-main-header-display":"","ast-hfb-above-header-display":"","ast-hfb-below-header-display":"","ast-hfb-mobile-header-display":"","site-post-title":"disabled","ast-breadcrumbs-content":"","ast-featured-img":"disabled","footer-sml-layout":"","ast-disable-related-posts":"","theme-transparent-header-meta":"default","adv-header-id-meta":"","stick-header-meta":"","header-above-stick-meta":"","header-main-stick-meta":"","header-below-stick-meta":"","astra-migrate-meta-layouts":"default","ast-page-background-enabled":"default","ast-page-background-meta":{"desktop":{"background-color":"","background-image":"","background-repeat":"repeat","background-position":"center center","background-size":"auto","background-attachment":"scroll","background-type":"","background-media":"","overlay-type":"","overlay-color":"","overlay-opacity":"","overlay-gradient":""},"tablet":{"background-color":"","background-image":"","background-repeat":"repeat","background-position":"center center","background-size":"auto","background-attachment":"scroll","background-type":"","background-media":"","overlay-type":"","overlay-color":"","overlay-opacity":"","overlay-gradient":""},"mobile":{"background-color":"","background-image":"","background-repeat":"repeat","background-position":"center center","background-size":"auto","background-attachment":"scroll","background-type":"","background-media":"","overlay-type":"","overlay-color":"","overlay-opacity":"","overlay-gradient":""}},"ast-content-background-meta":{"desktop":{"background-color":"var(--ast-global-color-5)","background-image":"","background-repeat":"repeat","background-position":"center center","background-size":"auto","background-attachment":"scroll","background-type":"","background-media":"","overlay-type":"","overlay-color":"","overlay-opacity":"","overlay-gradient":""},"tablet":{"background-color":"var(--ast-global-color-5)","background-image":"","background-repeat":"repeat","background-position":"center center","background-size":"auto","background-attachment":"scroll","background-type":"","background-media":"","overlay-type":"","overlay-color":"","overlay-opacity":"","overlay-gradient":""},"mobile":{"background-color":"var(--ast-global-color-5)","background-image":"","background-repeat":"repeat","background-position":"center center","background-size":"auto","background-attachment":"scroll","background-type":"","background-media":"","overlay-type":"","overlay-color":"","overlay-opacity":"","overlay-gradient":""}},"footnotes":""},"class_list":["post-63","page","type-page","status-publish","hentry"],"_links":{"self":[{"href":"https:\/\/arcba.org.ar\/ARCBA\/wp-json\/wp\/v2\/pages\/63","targetHints":{"allow":["GET"]}}],"collection":[{"href":"https:\/\/arcba.org.ar\/ARCBA\/wp-json\/wp\/v2\/pages"}],"about":[{"href":"https:\/\/arcba.org.ar\/ARCBA\/wp-json\/wp\/v2\/types\/page"}],"author":[{"embeddable":true,"href":"https:\/\/arcba.org.ar\/ARCBA\/wp-json\/wp\/v2\/users\/1"}],"replies":[{"embeddable":true,"href":"https:\/\/arcba.org.ar\/ARCBA\/wp-json\/wp\/v2\/comments?post=63"}],"version-history":[{"count":26,"href":"https:\/\/arcba.org.ar\/ARCBA\/wp-json\/wp\/v2\/pages\/63\/revisions"}],"predecessor-version":[{"id":495,"href":"https:\/\/arcba.org.ar\/ARCBA\/wp-json\/wp\/v2\/pages\/63\/revisions\/495"}],"wp:attachment":[{"href":"https:\/\/arcba.org.ar\/ARCBA\/wp-json\/wp\/v2\/media?parent=63"}],"curies":[{"name":"wp","href":"https:\/\/api.w.org\/{rel}","templated":true}]}}