{"id":555,"date":"2025-06-14T12:28:31","date_gmt":"2025-06-14T15:28:31","guid":{"rendered":"https:\/\/arcba.org.ar\/ARCBA\/?page_id=555"},"modified":"2025-06-22T21:06:40","modified_gmt":"2025-06-23T00:06:40","slug":"pacientes","status":"publish","type":"page","link":"https:\/\/arcba.org.ar\/ARCBA\/pacientes\/","title":{"rendered":"Pacientes"},"content":{"rendered":"\t\t<div data-elementor-type=\"wp-page\" data-elementor-id=\"555\" class=\"elementor elementor-555\">\n\t\t\t\t\t\t<section class=\"elementor-section elementor-top-section elementor-element elementor-element-160dbe2e elementor-section-height-min-height elementor-section-items-stretch elementor-section-content-middle elementor-section-full_width elementor-section-height-default\" data-id=\"160dbe2e\" data-element_type=\"section\" data-e-type=\"section\" data-settings=\"{&quot;background_background&quot;:&quot;classic&quot;}\">\n\t\t\t\t\t\t<div class=\"elementor-container elementor-column-gap-no\">\n\t\t\t\t\t<div class=\"elementor-column elementor-col-50 elementor-top-column elementor-element elementor-element-28cbfc7f\" data-id=\"28cbfc7f\" data-element_type=\"column\" data-e-type=\"column\">\n\t\t\t<div class=\"elementor-widget-wrap elementor-element-populated\">\n\t\t\t\t\t\t<div class=\"elementor-element elementor-element-2d8371d5 elementor-widget elementor-widget-heading\" data-id=\"2d8371d5\" data-element_type=\"widget\" data-e-type=\"widget\" data-widget_type=\"heading.default\">\n\t\t\t\t<div class=\"elementor-widget-container\">\n\t\t\t\t\t<h1 class=\"elementor-heading-title elementor-size-default\">Pacientes<\/h1>\t\t\t\t<\/div>\n\t\t\t\t<\/div>\n\t\t\t\t<div class=\"elementor-element elementor-element-435787fb elementor-widget elementor-widget-text-editor\" data-id=\"435787fb\" data-element_type=\"widget\" data-e-type=\"widget\" data-widget_type=\"text-editor.default\">\n\t\t\t\t<div class=\"elementor-widget-container\">\n\t\t\t\t\t\t\t\t\t<div dir=\"ltr\" style=\"text-align: justify;\">En <strong>ARCBA<\/strong>, creemos que el conocimiento y el acompa\u00f1amiento son pilares fundamentales en el cuidado de las personas con enfermedades reumatol\u00f3gicas. Por eso, hemos creado esta solapa para Pacientes, especialmente pensado para brindar informaci\u00f3n confiable, actualizada y accesible.<\/div><div dir=\"ltr\" style=\"text-align: justify;\">\u00a0<\/div><div dir=\"ltr\" style=\"text-align: justify;\"><strong>Este espacio est\u00e1 dise\u00f1ado para:<\/strong><\/div><div dir=\"ltr\" style=\"text-align: justify;\">\u00a0<\/div><div dir=\"ltr\" style=\"text-align: justify;\"><strong>Informar:<\/strong> Encontrar\u00e1s contenidos claros y validados por profesionales sobre enfermedades reumatol\u00f3gicas, tratamientos, autocuidado y calidad de vida.<\/div><div dir=\"ltr\" style=\"text-align: justify;\">\u00a0<\/div><div dir=\"ltr\" style=\"text-align: justify;\"><strong>Conectar:<\/strong> Publicaremos actividades educativas, talleres, charlas abiertas y campa\u00f1as de concientizaci\u00f3n dirigidas a pacientes y sus familias.<\/div><div dir=\"ltr\" style=\"text-align: justify;\">\u00a0<\/div><div dir=\"ltr\" style=\"text-align: justify;\"><strong>Acompa\u00f1ar:<\/strong> Queremos ser un puente entre los pacientes, los profesionales de la salud y la comunidad cient\u00edfica, fomentando el di\u00e1logo y el empoderamiento del paciente.<\/div><div dir=\"ltr\" style=\"text-align: justify;\">\u00a0<\/div><div dir=\"ltr\" style=\"text-align: justify;\"><span style=\"color: #000080;\"><strong>Te invitamos a visitar este espacio y sumarte a nuestras actividades. Porque estar bien informado es tambi\u00e9n parte del tratamiento.<\/strong><\/span><\/div>\t\t\t\t\t\t\t\t<\/div>\n\t\t\t\t<\/div>\n\t\t\t\t\t<\/div>\n\t\t<\/div>\n\t\t\t\t<div class=\"elementor-column elementor-col-50 elementor-top-column elementor-element elementor-element-557a96a5\" data-id=\"557a96a5\" data-element_type=\"column\" data-e-type=\"column\">\n\t\t\t<div class=\"elementor-widget-wrap elementor-element-populated\">\n\t\t\t\t\t\t<div class=\"elementor-element elementor-element-61e0c5b elementor-widget__width-initial elementor-widget elementor-widget-image\" data-id=\"61e0c5b\" data-element_type=\"widget\" data-e-type=\"widget\" data-widget_type=\"image.default\">\n\t\t\t\t<div class=\"elementor-widget-container\">\n\t\t\t\t\t\t\t\t\t\t\t\t\t\t\t<img fetchpriority=\"high\" decoding=\"async\" width=\"800\" height=\"686\" src=\"https:\/\/arcba.org.ar\/ARCBA\/wp-content\/uploads\/2025\/06\/cc.png\" class=\"attachment-large size-large wp-image-1120\" alt=\"\" srcset=\"https:\/\/arcba.org.ar\/ARCBA\/wp-content\/uploads\/2025\/06\/cc.png 800w, https:\/\/arcba.org.ar\/ARCBA\/wp-content\/uploads\/2025\/06\/cc-300x257.png 300w, https:\/\/arcba.org.ar\/ARCBA\/wp-content\/uploads\/2025\/06\/cc-768x659.png 768w\" sizes=\"(max-width: 800px) 100vw, 800px\" \/>\t\t\t\t\t\t\t\t\t\t\t\t\t\t\t<\/div>\n\t\t\t\t<\/div>\n\t\t\t\t\t<\/div>\n\t\t<\/div>\n\t\t\t\t\t<\/div>\n\t\t<\/section>\n\t\t\t\t<\/div>\n\t\t","protected":false},"excerpt":{"rendered":"<p>Pacientes En ARCBA, creemos que el conocimiento y el acompa\u00f1amiento son pilares fundamentales en el cuidado de las personas con enfermedades reumatol\u00f3gicas. Por eso, hemos creado esta solapa para Pacientes, especialmente pensado para brindar informaci\u00f3n confiable, actualizada y accesible.\u00a0Este espacio est\u00e1 dise\u00f1ado para:\u00a0Informar: Encontrar\u00e1s contenidos claros y validados por profesionales sobre enfermedades reumatol\u00f3gicas, tratamientos, autocuidado [&hellip;]<\/p>\n","protected":false},"author":1,"featured_media":0,"parent":0,"menu_order":0,"comment_status":"closed","ping_status":"closed","template":"","meta":{"site-sidebar-layout":"default","site-content-layout":"","ast-site-content-layout":"default","site-content-style":"default","site-sidebar-style":"default","ast-global-header-display":"","ast-banner-title-visibility":"","ast-main-header-display":"","ast-hfb-above-header-display":"","ast-hfb-below-header-display":"","ast-hfb-mobile-header-display":"","site-post-title":"","ast-breadcrumbs-content":"","ast-featured-img":"","footer-sml-layout":"","ast-disable-related-posts":"","theme-transparent-header-meta":"","adv-header-id-meta":"","stick-header-meta":"","header-above-stick-meta":"","header-main-stick-meta":"","header-below-stick-meta":"","astra-migrate-meta-layouts":"set","ast-page-background-enabled":"default","ast-page-background-meta":{"desktop":{"background-color":"","background-image":"","background-repeat":"repeat","background-position":"center center","background-size":"auto","background-attachment":"scroll","background-type":"","background-media":"","overlay-type":"","overlay-color":"","overlay-opacity":"","overlay-gradient":""},"tablet":{"background-color":"","background-image":"","background-repeat":"repeat","background-position":"center center","background-size":"auto","background-attachment":"scroll","background-type":"","background-media":"","overlay-type":"","overlay-color":"","overlay-opacity":"","overlay-gradient":""},"mobile":{"background-color":"","background-image":"","background-repeat":"repeat","background-position":"center center","background-size":"auto","background-attachment":"scroll","background-type":"","background-media":"","overlay-type":"","overlay-color":"","overlay-opacity":"","overlay-gradient":""}},"ast-content-background-meta":{"desktop":{"background-color":"var(--ast-global-color-5)","background-image":"","background-repeat":"repeat","background-position":"center center","background-size":"auto","background-attachment":"scroll","background-type":"","background-media":"","overlay-type":"","overlay-color":"","overlay-opacity":"","overlay-gradient":""},"tablet":{"background-color":"var(--ast-global-color-5)","background-image":"","background-repeat":"repeat","background-position":"center center","background-size":"auto","background-attachment":"scroll","background-type":"","background-media":"","overlay-type":"","overlay-color":"","overlay-opacity":"","overlay-gradient":""},"mobile":{"background-color":"var(--ast-global-color-5)","background-image":"","background-repeat":"repeat","background-position":"center center","background-size":"auto","background-attachment":"scroll","background-type":"","background-media":"","overlay-type":"","overlay-color":"","overlay-opacity":"","overlay-gradient":""}},"footnotes":""},"class_list":["post-555","page","type-page","status-publish","hentry"],"_links":{"self":[{"href":"https:\/\/arcba.org.ar\/ARCBA\/wp-json\/wp\/v2\/pages\/555","targetHints":{"allow":["GET"]}}],"collection":[{"href":"https:\/\/arcba.org.ar\/ARCBA\/wp-json\/wp\/v2\/pages"}],"about":[{"href":"https:\/\/arcba.org.ar\/ARCBA\/wp-json\/wp\/v2\/types\/page"}],"author":[{"embeddable":true,"href":"https:\/\/arcba.org.ar\/ARCBA\/wp-json\/wp\/v2\/users\/1"}],"replies":[{"embeddable":true,"href":"https:\/\/arcba.org.ar\/ARCBA\/wp-json\/wp\/v2\/comments?post=555"}],"version-history":[{"count":55,"href":"https:\/\/arcba.org.ar\/ARCBA\/wp-json\/wp\/v2\/pages\/555\/revisions"}],"predecessor-version":[{"id":1127,"href":"https:\/\/arcba.org.ar\/ARCBA\/wp-json\/wp\/v2\/pages\/555\/revisions\/1127"}],"wp:attachment":[{"href":"https:\/\/arcba.org.ar\/ARCBA\/wp-json\/wp\/v2\/media?parent=555"}],"curies":[{"name":"wp","href":"https:\/\/api.w.org\/{rel}","templated":true}]}}