{"id":547,"date":"2025-06-14T12:26:28","date_gmt":"2025-06-14T15:26:28","guid":{"rendered":"https:\/\/arcba.org.ar\/ARCBA\/?page_id=547"},"modified":"2025-06-22T17:19:07","modified_gmt":"2025-06-22T20:19:07","slug":"historia","status":"publish","type":"page","link":"https:\/\/arcba.org.ar\/ARCBA\/historia\/","title":{"rendered":"Historia"},"content":{"rendered":"\t\t<div data-elementor-type=\"wp-page\" data-elementor-id=\"547\" class=\"elementor elementor-547\">\n\t\t\t\t\t\t<section class=\"elementor-section elementor-top-section elementor-element elementor-element-4c6f7ffd elementor-section-height-min-height elementor-section-items-stretch elementor-section-content-middle elementor-section-full_width elementor-section-height-default\" data-id=\"4c6f7ffd\" data-element_type=\"section\" data-e-type=\"section\" data-settings=\"{&quot;background_background&quot;:&quot;classic&quot;}\">\n\t\t\t\t\t\t<div class=\"elementor-container elementor-column-gap-no\">\n\t\t\t\t\t<div class=\"elementor-column elementor-col-50 elementor-top-column elementor-element elementor-element-18a71e03\" data-id=\"18a71e03\" data-element_type=\"column\" data-e-type=\"column\">\n\t\t\t<div class=\"elementor-widget-wrap elementor-element-populated\">\n\t\t\t\t\t\t<div class=\"elementor-element elementor-element-3d7ba5ba elementor-widget elementor-widget-heading\" data-id=\"3d7ba5ba\" data-element_type=\"widget\" data-e-type=\"widget\" data-widget_type=\"heading.default\">\n\t\t\t\t<div class=\"elementor-widget-container\">\n\t\t\t\t\t<h1 class=\"elementor-heading-title elementor-size-default\">Historia<\/h1>\t\t\t\t<\/div>\n\t\t\t\t<\/div>\n\t\t\t\t<div class=\"elementor-element elementor-element-54859208 elementor-widget elementor-widget-text-editor\" data-id=\"54859208\" data-element_type=\"widget\" data-e-type=\"widget\" data-widget_type=\"text-editor.default\">\n\t\t\t\t<div class=\"elementor-widget-container\">\n\t\t\t\t\t\t\t\t\t<p>Acerca nuestro<\/p>\t\t\t\t\t\t\t\t<\/div>\n\t\t\t\t<\/div>\n\t\t\t\t\t<\/div>\n\t\t<\/div>\n\t\t\t\t<div class=\"elementor-column elementor-col-50 elementor-top-column elementor-element elementor-element-54928b00\" data-id=\"54928b00\" data-element_type=\"column\" data-e-type=\"column\">\n\t\t\t<div class=\"elementor-widget-wrap elementor-element-populated\">\n\t\t\t\t\t\t<div class=\"elementor-element elementor-element-dc3597f elementor-widget__width-initial elementor-widget elementor-widget-text-editor\" data-id=\"dc3597f\" data-element_type=\"widget\" data-e-type=\"widget\" data-widget_type=\"text-editor.default\">\n\t\t\t\t<div class=\"elementor-widget-container\">\n\t\t\t\t\t\t\t\t\t<p style=\"text-align: justify;\">La ARCBA se fund\u00f3 el 19 de mayo de 1987 y es filial de la Sociedad Argentina de Reumatolog\u00eda desde el 21 de febrero de 2014. Representamos a los m\u00e9dicos reumat\u00f3logos de la ciudad as\u00ed como a los m\u00e9dicos en formaci\u00f3n de nuestra especialidad y a los profesionales que desarrollan actividades afines a la misma.<\/p><p style=\"text-align: justify;\">Es la filial de la SAR que cuenta con mayor n\u00famero de socios, que participan en forma activa de las propuestas educativas de la Asociaci\u00f3n.<\/p><p style=\"text-align: justify;\">EI objetivo es contribuir a la formaci\u00f3n continua de nuestros asociados en el \u00e1mbito de la Reumatolog\u00eda. Al ser la filial argentina con mayor n\u00famero de reumat\u00f3logos, tenemos un papel fundamental en la relaci\u00f3n de nuestra especialidad con el resto de las especialidades m\u00e9dicas y la comunidad, a quien debemos la dedicaci\u00f3n y el esfuerzo de la formaci\u00f3n de nuestros afiliados.<\/p><p style=\"text-align: justify;\">Promovemos adem\u00e1s una sana y abierta relaci\u00f3n con la industria farmac\u00e9utica, que apoya nuestro accionar sin condicionamientos, colaborando a nuestro crecimiento. A trav\u00e9s de la organizaci\u00f3n de diferentes actividades que apuntan al fortalecimiento de v\u00ednculos, propiciamos un cont\u00ednuo intercambio entre profesionales de la filial, del pa\u00eds y la comunidad.<\/p>\t\t\t\t\t\t\t\t<\/div>\n\t\t\t\t<\/div>\n\t\t\t\t\t<\/div>\n\t\t<\/div>\n\t\t\t\t\t<\/div>\n\t\t<\/section>\n\t\t\t\t<\/div>\n\t\t","protected":false},"excerpt":{"rendered":"<p>Historia Acerca nuestro La ARCBA se fund\u00f3 el 19 de mayo de 1987 y es filial de la Sociedad Argentina de Reumatolog\u00eda desde el 21 de febrero de 2014. Representamos a los m\u00e9dicos reumat\u00f3logos de la ciudad as\u00ed como a los m\u00e9dicos en formaci\u00f3n de nuestra especialidad y a los profesionales que desarrollan actividades afines [&hellip;]<\/p>\n","protected":false},"author":1,"featured_media":0,"parent":0,"menu_order":0,"comment_status":"closed","ping_status":"closed","template":"","meta":{"site-sidebar-layout":"no-sidebar","site-content-layout":"page-builder","ast-site-content-layout":"full-width-container","site-content-style":"default","site-sidebar-style":"default","ast-global-header-display":"","ast-banner-title-visibility":"","ast-main-header-display":"","ast-hfb-above-header-display":"","ast-hfb-below-header-display":"","ast-hfb-mobile-header-display":"","site-post-title":"disabled","ast-breadcrumbs-content":"","ast-featured-img":"disabled","footer-sml-layout":"","ast-disable-related-posts":"","theme-transparent-header-meta":"","adv-header-id-meta":"","stick-header-meta":"","header-above-stick-meta":"","header-main-stick-meta":"","header-below-stick-meta":"","astra-migrate-meta-layouts":"set","ast-page-background-enabled":"default","ast-page-background-meta":{"desktop":{"background-color":"","background-image":"","background-repeat":"repeat","background-position":"center center","background-size":"auto","background-attachment":"scroll","background-type":"","background-media":"","overlay-type":"","overlay-color":"","overlay-opacity":"","overlay-gradient":""},"tablet":{"background-color":"","background-image":"","background-repeat":"repeat","background-position":"center center","background-size":"auto","background-attachment":"scroll","background-type":"","background-media":"","overlay-type":"","overlay-color":"","overlay-opacity":"","overlay-gradient":""},"mobile":{"background-color":"","background-image":"","background-repeat":"repeat","background-position":"center center","background-size":"auto","background-attachment":"scroll","background-type":"","background-media":"","overlay-type":"","overlay-color":"","overlay-opacity":"","overlay-gradient":""}},"ast-content-background-meta":{"desktop":{"background-color":"var(--ast-global-color-5)","background-image":"","background-repeat":"repeat","background-position":"center center","background-size":"auto","background-attachment":"scroll","background-type":"","background-media":"","overlay-type":"","overlay-color":"","overlay-opacity":"","overlay-gradient":""},"tablet":{"background-color":"var(--ast-global-color-5)","background-image":"","background-repeat":"repeat","background-position":"center center","background-size":"auto","background-attachment":"scroll","background-type":"","background-media":"","overlay-type":"","overlay-color":"","overlay-opacity":"","overlay-gradient":""},"mobile":{"background-color":"var(--ast-global-color-5)","background-image":"","background-repeat":"repeat","background-position":"center center","background-size":"auto","background-attachment":"scroll","background-type":"","background-media":"","overlay-type":"","overlay-color":"","overlay-opacity":"","overlay-gradient":""}},"footnotes":""},"class_list":["post-547","page","type-page","status-publish","hentry"],"_links":{"self":[{"href":"https:\/\/arcba.org.ar\/ARCBA\/wp-json\/wp\/v2\/pages\/547","targetHints":{"allow":["GET"]}}],"collection":[{"href":"https:\/\/arcba.org.ar\/ARCBA\/wp-json\/wp\/v2\/pages"}],"about":[{"href":"https:\/\/arcba.org.ar\/ARCBA\/wp-json\/wp\/v2\/types\/page"}],"author":[{"embeddable":true,"href":"https:\/\/arcba.org.ar\/ARCBA\/wp-json\/wp\/v2\/users\/1"}],"replies":[{"embeddable":true,"href":"https:\/\/arcba.org.ar\/ARCBA\/wp-json\/wp\/v2\/comments?post=547"}],"version-history":[{"count":25,"href":"https:\/\/arcba.org.ar\/ARCBA\/wp-json\/wp\/v2\/pages\/547\/revisions"}],"predecessor-version":[{"id":1050,"href":"https:\/\/arcba.org.ar\/ARCBA\/wp-json\/wp\/v2\/pages\/547\/revisions\/1050"}],"wp:attachment":[{"href":"https:\/\/arcba.org.ar\/ARCBA\/wp-json\/wp\/v2\/media?parent=547"}],"curies":[{"name":"wp","href":"https:\/\/api.w.org\/{rel}","templated":true}]}}