{"id":1152,"date":"2025-06-25T18:20:31","date_gmt":"2025-06-25T21:20:31","guid":{"rendered":"https:\/\/arcba.org.ar\/ARCBA\/?page_id=1152"},"modified":"2025-09-08T08:30:43","modified_gmt":"2025-09-08T11:30:43","slug":"comision-directiva-2","status":"publish","type":"page","link":"https:\/\/arcba.org.ar\/ARCBA\/comision-directiva-2\/","title":{"rendered":"Comisi\u00f3n Directiva"},"content":{"rendered":"\t\t<div data-elementor-type=\"wp-page\" data-elementor-id=\"1152\" class=\"elementor elementor-1152\">\n\t\t\t\t\t\t<section class=\"elementor-section elementor-top-section elementor-element elementor-element-5e69a73 elementor-section-full_width elementor-section-height-default elementor-section-height-default\" data-id=\"5e69a73\" data-element_type=\"section\" data-e-type=\"section\">\n\t\t\t\t\t\t<div class=\"elementor-container elementor-column-gap-default\">\n\t\t\t\t\t<div class=\"elementor-column elementor-col-100 elementor-top-column elementor-element elementor-element-ed8fe06\" data-id=\"ed8fe06\" data-element_type=\"column\" data-e-type=\"column\">\n\t\t\t<div class=\"elementor-widget-wrap elementor-element-populated\">\n\t\t\t\t\t\t<div class=\"elementor-element elementor-element-93d793e elementor-widget__width-initial elementor-widget elementor-widget-text-editor\" data-id=\"93d793e\" data-element_type=\"widget\" data-e-type=\"widget\" data-widget_type=\"text-editor.default\">\n\t\t\t\t<div class=\"elementor-widget-container\">\n\t\t\t\t\t\t\t\t\t<h2><span style=\"color: #003366;\"><strong>Comisi\u00f3n Directiva<\/strong><\/span><\/h2>\n<div>\n<table style=\"border: none; border-collapse: collapse;\" width=\"823\">\n<tbody>\n<tr>\n<td style=\"border: none;\" colspan=\"2\" width=\"566\">\n<p style=\"text-align: center;\"><strong>DIRECCI\u00d3N:<\/strong><\/p>\n<p style=\"text-align: center;\"><strong>Presidente:<\/strong> Dra. Cecilia Asnal<br><strong>Vicepresidente:<\/strong> Dra. Graciela Gomez<br><strong>Secretaria:<\/strong> Dra. Silvia Papasidero<br><strong>Tesorero:<\/strong> Dr. Maximiliano Fenucci<br><strong>Presidente Inmediato Anterior:<\/strong> Dr. Dami\u00e1n Duartes No\u00e9<\/p>\n<\/td>\n<\/tr>\n<tr>\n<td style=\"border: none; text-align: center;\" width=\"283\">\n<p><strong>VOCALES TITULARES<\/strong><\/p>\n<p>Dra. Fabiana Montoya<br>Dra. Anastasia Secco<br>Dra. Mar\u00eda de los Angeles Correa<br>Dra. Andrea G\u00f3mez<br>Dra. Marcela Alvarez<br>Dra. Malena Viola<\/p>\n<\/td>\n<td style=\"border: none; text-align: center;\" width=\"283\">\n<p><strong>VOCALES SUPLENTES<\/strong><\/p>\n<p>Dra. Mar\u00eda Martha Katsicas<br>Dra. Sabrina Porta<br>Dr. Alejandro Brigante<\/p>\n<\/td>\n<\/tr>\n<tr>\n<td style=\"border: none; text-align: center;\" width=\"283\">\n<p><strong>ORGANO FISCALIZACION TITULARES<\/strong><\/p>\n<p>Dr. Nicol\u00e1s Alvarado<br>Dra. Natalia Perrotta<\/p>\n<\/td>\n<td style=\"border: none; text-align: center;\" width=\"283\">\n<p><strong>ORGANO DE FISCALIZACION SUPLENTES<\/strong><\/p>\n<p>Dr. Joan Dape\u00f1a<br>Dra. Laura Sorrentino<\/p>\n<\/td>\n<\/tr>\n<\/tbody>\n<\/table>\n<p style=\"text-align: center;\"><span style=\"color: #003366;\"><strong>&nbsp;<\/strong><\/span><\/p>\n<\/div>\t\t\t\t\t\t\t\t<\/div>\n\t\t\t\t<\/div>\n\t\t\t\t\t<\/div>\n\t\t<\/div>\n\t\t\t\t\t<\/div>\n\t\t<\/section>\n\t\t\t\t<\/div>\n\t\t","protected":false},"excerpt":{"rendered":"<p>Comisi\u00f3n Directiva DIRECCI\u00d3N: Presidente: Dra. Cecilia AsnalVicepresidente: Dra. Graciela GomezSecretaria: Dra. Silvia PapasideroTesorero: Dr. Maximiliano FenucciPresidente Inmediato Anterior: Dr. Dami\u00e1n Duartes No\u00e9 VOCALES TITULARES Dra. Fabiana MontoyaDra. Anastasia SeccoDra. Mar\u00eda de los Angeles CorreaDra. Andrea G\u00f3mezDra. Marcela AlvarezDra. Malena Viola VOCALES SUPLENTES Dra. Mar\u00eda Martha KatsicasDra. Sabrina PortaDr. Alejandro Brigante ORGANO FISCALIZACION TITULARES Dr. Nicol\u00e1s [&hellip;]<\/p>\n","protected":false},"author":1,"featured_media":0,"parent":0,"menu_order":0,"comment_status":"closed","ping_status":"closed","template":"","meta":{"site-sidebar-layout":"no-sidebar","site-content-layout":"page-builder","ast-site-content-layout":"full-width-container","site-content-style":"default","site-sidebar-style":"default","ast-global-header-display":"","ast-banner-title-visibility":"","ast-main-header-display":"","ast-hfb-above-header-display":"","ast-hfb-below-header-display":"","ast-hfb-mobile-header-display":"","site-post-title":"disabled","ast-breadcrumbs-content":"","ast-featured-img":"disabled","footer-sml-layout":"","ast-disable-related-posts":"","theme-transparent-header-meta":"","adv-header-id-meta":"","stick-header-meta":"","header-above-stick-meta":"","header-main-stick-meta":"","header-below-stick-meta":"","astra-migrate-meta-layouts":"set","ast-page-background-enabled":"default","ast-page-background-meta":{"desktop":{"background-color":"","background-image":"","background-repeat":"repeat","background-position":"center center","background-size":"auto","background-attachment":"scroll","background-type":"","background-media":"","overlay-type":"","overlay-color":"","overlay-opacity":"","overlay-gradient":""},"tablet":{"background-color":"","background-image":"","background-repeat":"repeat","background-position":"center center","background-size":"auto","background-attachment":"scroll","background-type":"","background-media":"","overlay-type":"","overlay-color":"","overlay-opacity":"","overlay-gradient":""},"mobile":{"background-color":"","background-image":"","background-repeat":"repeat","background-position":"center center","background-size":"auto","background-attachment":"scroll","background-type":"","background-media":"","overlay-type":"","overlay-color":"","overlay-opacity":"","overlay-gradient":""}},"ast-content-background-meta":{"desktop":{"background-color":"var(--ast-global-color-5)","background-image":"","background-repeat":"repeat","background-position":"center center","background-size":"auto","background-attachment":"scroll","background-type":"","background-media":"","overlay-type":"","overlay-color":"","overlay-opacity":"","overlay-gradient":""},"tablet":{"background-color":"var(--ast-global-color-5)","background-image":"","background-repeat":"repeat","background-position":"center center","background-size":"auto","background-attachment":"scroll","background-type":"","background-media":"","overlay-type":"","overlay-color":"","overlay-opacity":"","overlay-gradient":""},"mobile":{"background-color":"var(--ast-global-color-5)","background-image":"","background-repeat":"repeat","background-position":"center center","background-size":"auto","background-attachment":"scroll","background-type":"","background-media":"","overlay-type":"","overlay-color":"","overlay-opacity":"","overlay-gradient":""}},"footnotes":""},"class_list":["post-1152","page","type-page","status-publish","hentry"],"_links":{"self":[{"href":"https:\/\/arcba.org.ar\/ARCBA\/wp-json\/wp\/v2\/pages\/1152","targetHints":{"allow":["GET"]}}],"collection":[{"href":"https:\/\/arcba.org.ar\/ARCBA\/wp-json\/wp\/v2\/pages"}],"about":[{"href":"https:\/\/arcba.org.ar\/ARCBA\/wp-json\/wp\/v2\/types\/page"}],"author":[{"embeddable":true,"href":"https:\/\/arcba.org.ar\/ARCBA\/wp-json\/wp\/v2\/users\/1"}],"replies":[{"embeddable":true,"href":"https:\/\/arcba.org.ar\/ARCBA\/wp-json\/wp\/v2\/comments?post=1152"}],"version-history":[{"count":28,"href":"https:\/\/arcba.org.ar\/ARCBA\/wp-json\/wp\/v2\/pages\/1152\/revisions"}],"predecessor-version":[{"id":1430,"href":"https:\/\/arcba.org.ar\/ARCBA\/wp-json\/wp\/v2\/pages\/1152\/revisions\/1430"}],"wp:attachment":[{"href":"https:\/\/arcba.org.ar\/ARCBA\/wp-json\/wp\/v2\/media?parent=1152"}],"curies":[{"name":"wp","href":"https:\/\/api.w.org\/{rel}","templated":true}]}}